{"id":6126,"date":"2025-06-05T14:52:11","date_gmt":"2025-06-05T14:52:11","guid":{"rendered":"https:\/\/heavenly-mitten.localsite.io\/?page_id=6126"},"modified":"2025-06-05T14:58:25","modified_gmt":"2025-06-05T14:58:25","slug":"swiss-re-london","status":"publish","type":"page","link":"https:\/\/handelengineering.com\/de\/swiss-re-london\/","title":{"rendered":"Swiss Re London"},"content":{"rendered":"<div data-elementor-type=\"wp-page\" data-elementor-id=\"6126\" class=\"elementor elementor-6126\">\n\t\t\t\t<div class=\"elementor-element elementor-element-5b89a82 e-flex e-con-boxed e-con e-parent\" data-id=\"5b89a82\" data-element_type=\"container\" data-e-type=\"container\">\n\t\t\t\t\t<div class=\"e-con-inner\">\n\t\t<div class=\"elementor-element elementor-element-c8aa994 e-con-full e-flex e-con e-child\" data-id=\"c8aa994\" data-element_type=\"container\" data-e-type=\"container\">\n\t\t<div class=\"elementor-element elementor-element-22d7fa6 e-con-full e-flex e-con e-child\" data-id=\"22d7fa6\" data-element_type=\"container\" data-e-type=\"container\" data-settings=\"{&quot;background_background&quot;:&quot;classic&quot;}\">\n\t\t\t\t<div class=\"elementor-element elementor-element-f8f421c elementor-widget elementor-widget-mwt-gallery-carousel\" data-id=\"f8f421c\" data-element_type=\"widget\" data-e-type=\"widget\" data-settings=\"{&quot;data_responsive_lg&quot;:1,&quot;data_responsive_md&quot;:1,&quot;data_responsive_sm&quot;:1,&quot;data_nav_prev_next&quot;:&quot;yes&quot;,&quot;items_layout&quot;:&quot;item-regular&quot;,&quot;data_loop&quot;:&quot;yes&quot;,&quot;data_rtl&quot;:&quot;no&quot;,&quot;data_autoplay&quot;:&quot;yes&quot;,&quot;data_autoplaytimeout&quot;:5000,&quot;data_autoplay_hover_pause&quot;:&quot;yes&quot;,&quot;data_center&quot;:&quot;no&quot;,&quot;add_data_stage_padding_lg&quot;:&quot;no&quot;,&quot;data_responsive_xs&quot;:1,&quot;data_margin&quot;:30}\" data-widget_type=\"mwt-gallery-carousel.default\">\n\t\t\t\t<div class=\"elementor-widget-container\">\n\t\t\t\t\t\n\t\t<div class=\"mwt-gallery-carousel-container\">\n\t\t\t\t\t\t<div class=\"owl-carousel mwt-gallery-carousel layout-item-regular\" data-number=\"69e1b70294a55\" data-rtl=\"false\" data-loop=\"true\" data-autoplay=\"true\" data-autoplaytimeout=\"5000\" data-autoplayhoverpause=\"true\" data-center=\"false\" data-nav=\"true\" data-dots=\"false\" data-margin=\"30\" data-responsive-lg=\"1\" data-stagepadding-lg=\"\" data-responsive-md=\"1\" data-responsive-sm=\"1\" data-responsive-xs=\"1\" data-filters=\"false\">\n\t\t\t\t\t\t\t\t\t\t\t<div class=\"owl-carousel-item\">\n\t\t\t\t\t\t\t\t<div class=\"mwt-gallery-carousel-image-wrap\">\n\t\t\t\t\t\t\t\t\t<img decoding=\"async\" src=\"https:\/\/handelengineering.com\/wp-content\/uploads\/elementor\/thumbs\/1-28-r7vkwoal499xlfcgbxhohkv8oknre5d3u1jya95kag.jpg\" alt=\"This is a title\" \/>\t\t\t\t\t\t\t\t<\/div>\n\t\t\t\t\t\t\t\t\t\t\t\t\t\t\t\t<div class=\"mwt-gallery-carousel-content-wrap\">\n\t\t\t\t\t\t\t\t\t\t\t\t\t\t\t\t\t\t\t<div class=\"mwt-gallery-carousel-categories-wrap\">\n\t\t\t\t\t\t\t\t\t\t\t\t\t\t\t\t\t\t\t\t\t<\/div>\n\t\t\t\t\t\t\t\t\t\t\t\t\t\t\t\t\t<\/div>\n\t\t\t\t\t\t\t<\/div>\n\t\t\t\t\t\t\t\t\t\t\t\t\t<div class=\"owl-carousel-item\">\n\t\t\t\t\t\t\t\t<div class=\"mwt-gallery-carousel-image-wrap\">\n\t\t\t\t\t\t\t\t\t<img decoding=\"async\" src=\"https:\/\/handelengineering.com\/wp-content\/uploads\/elementor\/thumbs\/2-26-r7vkwoal499xlfcgbxhohkv8oknre5d3u1jya95kag.jpg\" alt=\"This is a title\" \/>\t\t\t\t\t\t\t\t<\/div>\n\t\t\t\t\t\t\t\t\t\t\t\t\t\t\t\t<div class=\"mwt-gallery-carousel-content-wrap\">\n\t\t\t\t\t\t\t\t\t\t\t\t\t\t\t\t\t\t\t<div class=\"mwt-gallery-carousel-categories-wrap\">\n\t\t\t\t\t\t\t\t\t\t\t\t\t\t\t\t\t\t\t\t\t<\/div>\n\t\t\t\t\t\t\t\t\t\t\t\t\t\t\t\t\t<\/div>\n\t\t\t\t\t\t\t<\/div>\n\t\t\t\t\t\t\t\t\t\t\t\t\t<div class=\"owl-carousel-item\">\n\t\t\t\t\t\t\t\t<div class=\"mwt-gallery-carousel-image-wrap\">\n\t\t\t\t\t\t\t\t\t<img decoding=\"async\" src=\"https:\/\/handelengineering.com\/wp-content\/uploads\/elementor\/thumbs\/3-27-r7vkwoal499xlfcgbxhohkv8oknre5d3u1jya95kag.jpg\" alt=\"This is a title\" \/>\t\t\t\t\t\t\t\t<\/div>\n\t\t\t\t\t\t\t\t\t\t\t\t\t\t\t\t<div class=\"mwt-gallery-carousel-content-wrap\">\n\t\t\t\t\t\t\t\t\t\t\t\t\t\t\t\t\t\t\t<div class=\"mwt-gallery-carousel-categories-wrap\">\n\t\t\t\t\t\t\t\t\t\t\t\t\t\t\t\t\t\t\t\t\t<\/div>\n\t\t\t\t\t\t\t\t\t\t\t\t\t\t\t\t\t<\/div>\n\t\t\t\t\t\t\t<\/div>\n\t\t\t\t\t\t\t\t\t\t\t\t\t<div class=\"owl-carousel-item\">\n\t\t\t\t\t\t\t\t<div class=\"mwt-gallery-carousel-image-wrap\">\n\t\t\t\t\t\t\t\t\t<img decoding=\"async\" src=\"https:\/\/handelengineering.com\/wp-content\/uploads\/elementor\/thumbs\/4-22-r7vkwp8fb3b7x1b36fwb22mp9yj4lugu667frj4648.jpg\" alt=\"This is a title\" \/>\t\t\t\t\t\t\t\t<\/div>\n\t\t\t\t\t\t\t\t\t\t\t\t\t\t\t\t<div class=\"mwt-gallery-carousel-content-wrap\">\n\t\t\t\t\t\t\t\t\t\t\t\t\t\t\t\t\t\t\t<div class=\"mwt-gallery-carousel-categories-wrap\">\n\t\t\t\t\t\t\t\t\t\t\t\t\t\t\t\t\t\t\t\t\t<\/div>\n\t\t\t\t\t\t\t\t\t\t\t\t\t\t\t\t\t<\/div>\n\t\t\t\t\t\t\t<\/div>\n\t\t\t\t\t\t\t\t\t\t\t\t\t\t\t<\/div><!-- .owl-carousel -->\n\t\t\t<div class=\"owl-nav position-middle mwt-gallery-carousel-nav-69e1b70294a55\">\n\t\t\t\t\t\t\t\t<span class=\"mwt-gallery-carousel-prev-69e1b70294a55\">\n\t\t\t\t\t<svg xmlns=\"http:\/\/www.w3.org\/2000\/svg\" width=\"1024\" height=\"1024\" viewbox=\"0 0 1024 1024\"><path d=\"M311.568 511.973l462.455-462.455c11.374-11.374 11.374-29.614 0-40.988s-29.614-11.374-40.988 0l-483.056 483.056c-11.374 11.374-11.374 29.614 0 40.988l483.056 482.842c5.58 5.58 13.090 8.584 20.387 8.584s14.807-2.79 20.387-8.584c11.374-11.374 11.374-29.614 0-40.988l-462.24-462.455z\"><\/path><\/svg>\t\t\t\t<\/span>\n\t\t\t\t<span class=\"mwt-gallery-carousel-next-69e1b70294a55\">\n\t\t\t\t\t<svg xmlns=\"http:\/\/www.w3.org\/2000\/svg\" width=\"1024\" height=\"1024\" viewbox=\"0 0 1024 1024\"><path d=\"M774.115 491.587l-483.056-483.056c-11.374-11.374-29.614-11.374-40.988 0s-11.374 29.614 0 40.988l462.455 462.455-462.455 462.455c-11.374 11.374-11.374 29.614 0 40.988 5.58 5.58 13.090 8.584 20.387 8.584s14.807-2.79 20.387-8.584l483.056-483.056c11.374-11.159 11.374-29.614 0.215-40.773z\"><\/path><\/svg>\t\t\t\t<\/span>\n\t\t\t<\/div>\n\t\t<\/div>\n\t\t\t\t<\/div>\n\t\t\t\t<\/div>\n\t\t\t\t<\/div>\n\t\t<div class=\"elementor-element elementor-element-21aa972 e-con-full e-flex e-con e-child\" data-id=\"21aa972\" data-element_type=\"container\" data-e-type=\"container\" data-settings=\"{&quot;background_background&quot;:&quot;classic&quot;}\">\n\t\t\t\t<div class=\"elementor-element elementor-element-0a0a2ff elementor-widget elementor-widget-text-editor\" data-id=\"0a0a2ff\" data-element_type=\"widget\" data-e-type=\"widget\" data-widget_type=\"text-editor.default\">\n\t\t\t\t<div class=\"elementor-widget-container\">\n\t\t\t\t\t\t\t\t\t<ul><li><strong>Architekt<\/strong> Norman Foster &amp; Partners<\/li><li><strong>Ingenieur<\/strong> Ove Arup London<\/li><li><strong>Kuppel Stahl &amp; Glas<\/strong> Steel &amp; Glazing: Waagner Biro AG Vienna<\/li><li><strong>Kuppel Statik Stahl &amp; Glas<\/strong> Zenkner &amp; Handel<\/li><li><strong>Projektbeginn<\/strong> August 1999<\/li><\/ul>\t\t\t\t\t\t\t\t<\/div>\n\t\t\t\t<\/div>\n\t\t\t\t<div class=\"elementor-element elementor-element-2a21c8e elementor-widget elementor-widget-spacer\" data-id=\"2a21c8e\" data-element_type=\"widget\" data-e-type=\"widget\" data-widget_type=\"spacer.default\">\n\t\t\t\t<div class=\"elementor-widget-container\">\n\t\t\t\t\t\t\t<div class=\"elementor-spacer\">\n\t\t\t<div class=\"elementor-spacer-inner\"><\/div>\n\t\t<\/div>\n\t\t\t\t\t\t<\/div>\n\t\t\t\t<\/div>\n\t\t\t\t<div class=\"elementor-element elementor-element-c357428 elementor-widget elementor-widget-text-editor\" data-id=\"c357428\" data-element_type=\"widget\" data-e-type=\"widget\" data-widget_type=\"text-editor.default\">\n\t\t\t\t<div class=\"elementor-widget-container\">\n\t\t\t\t\t\t\t\t\t<p>Swiss Re ist eine der f\u00fchrenden R\u00fcckversicherungsfirmen der Welt. Das neue Geb\u00e4ude wird alle Londoner Firmen, die dort ans\u00e4ssig sind, zusammenf\u00fchren. Aufstellungsort ist der ehemalige \u201eBaltic Exchange\u201c in der Stadt. Der Turm hat 41 Stockwerke und beinhaltet 45.000 m\u00b2 von R\u00e4umlichkeiten, B\u00fcros und eine Einkaufspassage, die von einem neuen \u00f6ffentlichen Platz erreicht wird. Das Projekt bewirkt ein radiales Leitbild \u2013 technisch, architektonisch, sozial und r\u00e4umlich \u2013 um das erste \u00f6kologisch hohe Geb\u00e4ude in der Hauptstadt zu entwerfen. Der Turm hat einen strahlenf\u00f6rmigen Entwurf mit einem kreisf\u00f6rmigen Umfang. Im Profil verbreitet er sich w\u00e4hrend er in Richtung zu seiner Spitze steigt und sich zuspitzt. Diese Form ist die Bedingung dieses Aufstellungsortes: das Geb\u00e4ude sieht schlanker als ein rechteckiger Block der gleichwertigen Gr\u00f6\u00dfe aus, Reflexionen werden verringert und die Transparenz wird verbessert; das Abnehmen seines Profils in Richtung zur Unterseite maximiert den allgemeinen Eingangsbereich. Eine diagonal befestigte Struktur st\u00fctzt das Geb\u00e4ude an seinem Umkreis und erlaubt eine st\u00fctzenfreie Bodenfl\u00e4che und eine v\u00f6llig transparente Umh\u00fcllung, die das Geb\u00e4ude f\u00fcrs Tageslicht \u00f6ffnet.<\/p><p>Jede der Stockwerke wird in Bezug auf die unter ihre, gedreht. Das erlauben die R\u00e4ume zwischen den sternf\u00f6rmigen Fl\u00e4chen jedes Stockwerkes, um die geformten spiralartigen Lichtsch\u00e4chte zu verbinden. Gesellschaftlich brechen diese Fl\u00e4chen das Ausma\u00df dieses Geb\u00e4udes. Umweltm\u00e4\u00dfig helfen sie das interne Klima zu regulieren und werden die \u201eLungen\u201c des Geb\u00e4udes. Frischluft wird innen in jedem Stockwerk \u00fcber Schlitze in die Fassade eingezogen. Abluft kann aufbereitet werden, um die Heizung des Geb\u00e4udes zu unterst\u00fctzen, oder entl\u00fcftet werden, zur Au\u00dfenseite. Die spiralartige Form der Vorhallen erzeugt Druckdifferenziale, die gro\u00dfartig diesen nat\u00fcrlichen Zug unterst\u00fctzen. Das System ist so wirkungsvoll, dass die Klimaanlage f\u00fcr einen beachtlichen Teil des Jahres nicht erforderlich ist. Infolge dessen wird der Energieverbrauch drastisch, im Vergleich mit herk\u00f6mmlichen B\u00fcrogeb\u00e4uden, reduziert.<\/p><p>Projektteam: Handel, Kirchgasser, Pichler, Kernler<\/p>\t\t\t\t\t\t\t\t<\/div>\n\t\t\t\t<\/div>\n\t\t\t\t<div class=\"elementor-element elementor-element-031f03d elementor-widget elementor-widget-button\" data-id=\"031f03d\" data-element_type=\"widget\" data-e-type=\"widget\" data-widget_type=\"button.default\">\n\t\t\t\t<div class=\"elementor-widget-container\">\n\t\t\t\t\t\t\t\t\t<div class=\"elementor-button-wrapper\">\n\t\t\t\t\t<a class=\"elementor-button elementor-button-link elementor-size-sm\" href=\"https:\/\/vm239nap.at.edis.global\/portfolio-categories\/\">\n\t\t\t\t\t\t<span class=\"elementor-button-content-wrapper\">\n\t\t\t\t\t\t\t\t\t<span class=\"elementor-button-text\">Entryways Precast<\/span>\n\t\t\t\t\t<\/span>\n\t\t\t\t\t<\/a>\n\t\t\t\t<\/div>\n\t\t\t\t\t\t\t\t<\/div>\n\t\t\t\t<\/div>\n\t\t\t\t<\/div>\n\t\t\t\t<\/div>\n\t\t\t\t\t<\/div>\n\t\t\t\t<\/div>\n\t\t\t\t<\/div>","protected":false},"excerpt":{"rendered":"<p>Architect: Norman Foster &amp; Partners Engineer: Ove Arup London Top of building: Steel &amp; Glazing: Waagner Biro AG Vienna Statics Steel &amp; Glazing: Zenkner &amp; Handel Project start: August 1999 Swiss Re is one of the world\u2019s leading reinsurance companies. This new building will bring together all the company\u2019s London-based staff. Located on the site<span class=\"more-dots\">&#8230;<\/span> <a class=\"more-link btn btn-outline-maincolor\" href=\"https:\/\/handelengineering.com\/de\/swiss-re-london\/\">Read More<span class=\"screen-reader-text\"> \"Swiss Re London\"<\/span><\/a><!-- .more-link --><\/p>","protected":false},"author":2,"featured_media":0,"parent":0,"menu_order":0,"comment_status":"closed","ping_status":"closed","template":"page-templates\/full-width.php","meta":{"footnotes":""},"class_list":["post-6126","page","type-page","status-publish","hentry",""],"_links":{"self":[{"href":"https:\/\/handelengineering.com\/de\/wp-json\/wp\/v2\/pages\/6126","targetHints":{"allow":["GET"]}}],"collection":[{"href":"https:\/\/handelengineering.com\/de\/wp-json\/wp\/v2\/pages"}],"about":[{"href":"https:\/\/handelengineering.com\/de\/wp-json\/wp\/v2\/types\/page"}],"author":[{"embeddable":true,"href":"https:\/\/handelengineering.com\/de\/wp-json\/wp\/v2\/users\/2"}],"replies":[{"embeddable":true,"href":"https:\/\/handelengineering.com\/de\/wp-json\/wp\/v2\/comments?post=6126"}],"version-history":[{"count":4,"href":"https:\/\/handelengineering.com\/de\/wp-json\/wp\/v2\/pages\/6126\/revisions"}],"predecessor-version":[{"id":6131,"href":"https:\/\/handelengineering.com\/de\/wp-json\/wp\/v2\/pages\/6126\/revisions\/6131"}],"wp:attachment":[{"href":"https:\/\/handelengineering.com\/de\/wp-json\/wp\/v2\/media?parent=6126"}],"curies":[{"name":"wp","href":"https:\/\/api.w.org\/{rel}","templated":true}]}}