{"id":6194,"date":"2025-06-09T09:48:06","date_gmt":"2025-06-09T09:48:06","guid":{"rendered":"https:\/\/heavenly-mitten.localsite.io\/?page_id=6194"},"modified":"2025-06-09T09:55:05","modified_gmt":"2025-06-09T09:55:05","slug":"aerial-tramway-ciampac","status":"publish","type":"page","link":"https:\/\/handelengineering.com\/de\/aerial-tramway-ciampac\/","title":{"rendered":"Pendelbahn Ciampac"},"content":{"rendered":"<div data-elementor-type=\"wp-page\" data-elementor-id=\"6194\" class=\"elementor elementor-6194\">\n\t\t\t\t<div class=\"elementor-element elementor-element-5b89a82 e-flex e-con-boxed e-con e-parent\" data-id=\"5b89a82\" data-element_type=\"container\" data-e-type=\"container\">\n\t\t\t\t\t<div class=\"e-con-inner\">\n\t\t<div class=\"elementor-element elementor-element-c8aa994 e-con-full e-flex e-con e-child\" data-id=\"c8aa994\" data-element_type=\"container\" data-e-type=\"container\">\n\t\t<div class=\"elementor-element elementor-element-22d7fa6 e-con-full e-flex e-con e-child\" data-id=\"22d7fa6\" data-element_type=\"container\" data-e-type=\"container\" data-settings=\"{&quot;background_background&quot;:&quot;classic&quot;}\">\n\t\t\t\t<div class=\"elementor-element elementor-element-f8f421c elementor-widget elementor-widget-mwt-gallery-carousel\" data-id=\"f8f421c\" data-element_type=\"widget\" data-e-type=\"widget\" data-settings=\"{&quot;data_responsive_lg&quot;:1,&quot;data_responsive_md&quot;:1,&quot;data_responsive_sm&quot;:1,&quot;data_nav_prev_next&quot;:&quot;yes&quot;,&quot;items_layout&quot;:&quot;item-regular&quot;,&quot;data_loop&quot;:&quot;yes&quot;,&quot;data_rtl&quot;:&quot;no&quot;,&quot;data_autoplay&quot;:&quot;yes&quot;,&quot;data_autoplaytimeout&quot;:5000,&quot;data_autoplay_hover_pause&quot;:&quot;yes&quot;,&quot;data_center&quot;:&quot;no&quot;,&quot;add_data_stage_padding_lg&quot;:&quot;no&quot;,&quot;data_responsive_xs&quot;:1,&quot;data_margin&quot;:30}\" data-widget_type=\"mwt-gallery-carousel.default\">\n\t\t\t\t<div class=\"elementor-widget-container\">\n\t\t\t\t\t\n\t\t<div class=\"mwt-gallery-carousel-container\">\n\t\t\t\t\t\t<div class=\"owl-carousel mwt-gallery-carousel layout-item-regular\" data-number=\"69e2189abc5ba\" data-rtl=\"false\" data-loop=\"true\" data-autoplay=\"true\" data-autoplaytimeout=\"5000\" data-autoplayhoverpause=\"true\" data-center=\"false\" data-nav=\"true\" data-dots=\"false\" data-margin=\"30\" data-responsive-lg=\"1\" data-stagepadding-lg=\"\" data-responsive-md=\"1\" data-responsive-sm=\"1\" data-responsive-xs=\"1\" data-filters=\"false\">\n\t\t\t\t\t\t\t\t\t\t\t<div class=\"owl-carousel-item\">\n\t\t\t\t\t\t\t\t<div class=\"mwt-gallery-carousel-image-wrap\">\n\t\t\t\t\t\t\t\t\t<img decoding=\"async\" src=\"https:\/\/handelengineering.com\/wp-content\/uploads\/elementor\/thumbs\/1-34-r7vkwoal499xlfcgbxhohkv8oknre5d3u1jya95kag.jpg\" alt=\"This is a title\" \/>\t\t\t\t\t\t\t\t<\/div>\n\t\t\t\t\t\t\t\t\t\t\t\t\t\t\t\t<div class=\"mwt-gallery-carousel-content-wrap\">\n\t\t\t\t\t\t\t\t\t\t\t\t\t\t\t\t\t\t\t<div class=\"mwt-gallery-carousel-categories-wrap\">\n\t\t\t\t\t\t\t\t\t\t\t\t\t\t\t\t\t\t\t\t\t<\/div>\n\t\t\t\t\t\t\t\t\t\t\t\t\t\t\t\t\t<\/div>\n\t\t\t\t\t\t\t<\/div>\n\t\t\t\t\t\t\t\t\t\t\t\t\t<div class=\"owl-carousel-item\">\n\t\t\t\t\t\t\t\t<div class=\"mwt-gallery-carousel-image-wrap\">\n\t\t\t\t\t\t\t\t\t<img decoding=\"async\" src=\"https:\/\/handelengineering.com\/wp-content\/uploads\/elementor\/thumbs\/2-31-r7vkwoal499xlfcgbxhohkv8oknre5d3u1jya95kag.jpg\" alt=\"This is a title\" \/>\t\t\t\t\t\t\t\t<\/div>\n\t\t\t\t\t\t\t\t\t\t\t\t\t\t\t\t<div class=\"mwt-gallery-carousel-content-wrap\">\n\t\t\t\t\t\t\t\t\t\t\t\t\t\t\t\t\t\t\t<div class=\"mwt-gallery-carousel-categories-wrap\">\n\t\t\t\t\t\t\t\t\t\t\t\t\t\t\t\t\t\t\t\t\t<\/div>\n\t\t\t\t\t\t\t\t\t\t\t\t\t\t\t\t\t<\/div>\n\t\t\t\t\t\t\t<\/div>\n\t\t\t\t\t\t\t\t\t\t\t\t\t<div class=\"owl-carousel-item\">\n\t\t\t\t\t\t\t\t<div class=\"mwt-gallery-carousel-image-wrap\">\n\t\t\t\t\t\t\t\t\t<img decoding=\"async\" src=\"https:\/\/handelengineering.com\/wp-content\/uploads\/elementor\/thumbs\/3-31-r7vkwoal499xlfcgbxhohkv8oknre5d3u1jya95kag.jpg\" alt=\"This is a title\" \/>\t\t\t\t\t\t\t\t<\/div>\n\t\t\t\t\t\t\t\t\t\t\t\t\t\t\t\t<div class=\"mwt-gallery-carousel-content-wrap\">\n\t\t\t\t\t\t\t\t\t\t\t\t\t\t\t\t\t\t\t<div class=\"mwt-gallery-carousel-categories-wrap\">\n\t\t\t\t\t\t\t\t\t\t\t\t\t\t\t\t\t\t\t\t\t<\/div>\n\t\t\t\t\t\t\t\t\t\t\t\t\t\t\t\t\t<\/div>\n\t\t\t\t\t\t\t<\/div>\n\t\t\t\t\t\t\t\t\t\t\t\t\t\t\t<\/div><!-- .owl-carousel -->\n\t\t\t<div class=\"owl-nav position-middle mwt-gallery-carousel-nav-69e2189abc5ba\">\n\t\t\t\t\t\t\t\t<span class=\"mwt-gallery-carousel-prev-69e2189abc5ba\">\n\t\t\t\t\t<svg xmlns=\"http:\/\/www.w3.org\/2000\/svg\" width=\"1024\" height=\"1024\" viewbox=\"0 0 1024 1024\"><path d=\"M311.568 511.973l462.455-462.455c11.374-11.374 11.374-29.614 0-40.988s-29.614-11.374-40.988 0l-483.056 483.056c-11.374 11.374-11.374 29.614 0 40.988l483.056 482.842c5.58 5.58 13.090 8.584 20.387 8.584s14.807-2.79 20.387-8.584c11.374-11.374 11.374-29.614 0-40.988l-462.24-462.455z\"><\/path><\/svg>\t\t\t\t<\/span>\n\t\t\t\t<span class=\"mwt-gallery-carousel-next-69e2189abc5ba\">\n\t\t\t\t\t<svg xmlns=\"http:\/\/www.w3.org\/2000\/svg\" width=\"1024\" height=\"1024\" viewbox=\"0 0 1024 1024\"><path d=\"M774.115 491.587l-483.056-483.056c-11.374-11.374-29.614-11.374-40.988 0s-11.374 29.614 0 40.988l462.455 462.455-462.455 462.455c-11.374 11.374-11.374 29.614 0 40.988 5.58 5.58 13.090 8.584 20.387 8.584s14.807-2.79 20.387-8.584l483.056-483.056c11.374-11.159 11.374-29.614 0.215-40.773z\"><\/path><\/svg>\t\t\t\t<\/span>\n\t\t\t<\/div>\n\t\t<\/div>\n\t\t\t\t<\/div>\n\t\t\t\t<\/div>\n\t\t\t\t<\/div>\n\t\t<div class=\"elementor-element elementor-element-21aa972 e-con-full e-flex e-con e-child\" data-id=\"21aa972\" data-element_type=\"container\" data-e-type=\"container\" data-settings=\"{&quot;background_background&quot;:&quot;classic&quot;}\">\n\t\t\t\t<div class=\"elementor-element elementor-element-0a0a2ff elementor-widget elementor-widget-text-editor\" data-id=\"0a0a2ff\" data-element_type=\"widget\" data-e-type=\"widget\" data-widget_type=\"text-editor.default\">\n\t\t\t\t<div class=\"elementor-widget-container\">\n\t\t\t\t\t\t\t\t\t<ul><li><strong data-start=\"53\" data-end=\"65\">Ausf\u00fchrende Firma<\/strong> Carvatech Karosserie und Kabinenbau GmbH<\/li><li><strong data-start=\"109\" data-end=\"123\">Ingenieure<\/strong> Handel Engineering<\/li><li><strong data-start=\"145\" data-end=\"163\" data-is-only-node=\"\">Notified Body:<\/strong> Ingenieurb\u00fcro Sehnal<\/li><li><strong data-start=\"187\" data-end=\"197\">Projektbeginn<\/strong> 2013<\/li><\/ul>\t\t\t\t\t\t\t\t<\/div>\n\t\t\t\t<\/div>\n\t\t\t\t<div class=\"elementor-element elementor-element-2a21c8e elementor-widget elementor-widget-spacer\" data-id=\"2a21c8e\" data-element_type=\"widget\" data-e-type=\"widget\" data-widget_type=\"spacer.default\">\n\t\t\t\t<div class=\"elementor-widget-container\">\n\t\t\t\t\t\t\t<div class=\"elementor-spacer\">\n\t\t\t<div class=\"elementor-spacer-inner\"><\/div>\n\t\t<\/div>\n\t\t\t\t\t\t<\/div>\n\t\t\t\t<\/div>\n\t\t\t\t<div class=\"elementor-element elementor-element-c357428 elementor-widget elementor-widget-text-editor\" data-id=\"c357428\" data-element_type=\"widget\" data-e-type=\"widget\" data-widget_type=\"text-editor.default\">\n\t\t\t\t<div class=\"elementor-widget-container\">\n\t\t\t\t\t\t\t\t\t<p>Die zwei neuen Pendelbahnkabinen ersetzen den in die Jahre gekommenen Bestand und f\u00fchren von Alba (1487 m) hinauf auf eine H\u00f6he von 2100 m. Die Pendelbahn \u00fcberwindet \u00fcber drei Mittelst\u00fctzen eine Fahrbahnl\u00e4nge von ca 2000m mit einer maximalen Steigung von 61%.<br \/>Der Auftrag des B\u00fcros Handel Engineering umfasst die statische Berechnung der Kabine unter dem Gesichtspunkt der Standsicherheit sowie der Erm\u00fcdung. Die Konstruktion und der Bau der beiden Kabinen der Pendelbahn erfolgte von der Firma Carvatech Karosserie und Kabinenbau GmbH.<\/p><p><br \/>Der Auftrag des B\u00fcros Handel Engineering umfasst die statische Berechnung der Kabine unter dem Gesichtspunkt der Standsicherheit sowie der Erm\u00fcdung. Die Konstruktion und der Bau der beiden Kabinen der Pendelbahn erfolgte von der Firma Carvatech Karosserie und Kabinenbau GmbH.\nF\u00fcr die Pendelbahn Cimapac wurden die Kabinen erneuert, das Geh\u00e4nge des Altbestandes bleibt bestehen. Die statische Auslegung der neuen Kabinen erfolgte f\u00fcr eine Passagieranzahl von 75+1 Personen.<br \/>Das Gerippe der Kabinen ist in vollem Umfang aus Aluminium gefertigt. Die einzelnen Profile sind einerseits mittels Schwei\u00dfn\u00e4hten und andererseits \u00fcber Nietdetails miteinander verbunden. Der Dach -, Seitenwand- und Stirnwandbereich Kabine ist aus Formrohren aufgebaut, die Prim\u00e4rtragkonstruktion des Kabinenbodens besteht aus zusammengesetzten Querschnitten.<\/p><p>Projektteam : Handel, Schribertschnig, Schweighart<\/p>\t\t\t\t\t\t\t\t<\/div>\n\t\t\t\t<\/div>\n\t\t\t\t<div class=\"elementor-element elementor-element-031f03d elementor-widget elementor-widget-button\" data-id=\"031f03d\" data-element_type=\"widget\" data-e-type=\"widget\" data-widget_type=\"button.default\">\n\t\t\t\t<div class=\"elementor-widget-container\">\n\t\t\t\t\t\t\t\t\t<div class=\"elementor-button-wrapper\">\n\t\t\t\t\t<a class=\"elementor-button elementor-button-link elementor-size-sm\" href=\"https:\/\/vm239nap.at.edis.global\/portfolio-categories\/\">\n\t\t\t\t\t\t<span class=\"elementor-button-content-wrapper\">\n\t\t\t\t\t\t\t\t\t<span class=\"elementor-button-text\">Entryways Precast<\/span>\n\t\t\t\t\t<\/span>\n\t\t\t\t\t<\/a>\n\t\t\t\t<\/div>\n\t\t\t\t\t\t\t\t<\/div>\n\t\t\t\t<\/div>\n\t\t\t\t<\/div>\n\t\t\t\t<\/div>\n\t\t\t\t\t<\/div>\n\t\t\t\t<\/div>\n\t\t\t\t<\/div>","protected":false},"excerpt":{"rendered":"<p>Company: Carvatech Karosserie und Kabinenbau GmbH Engineers: Handel Engineering Notified Body: Ingenieurb\u00fcro Sehnal Start: 2013 The two new cabins, replacing the old ones, lead the guests from Alba (1487m) up to an elevation of 2100m. The Aerial Tramway overcomes a length of 2000m with a maximum gradient of 61%. The travel time for one distance<span class=\"more-dots\">&#8230;<\/span> <a class=\"more-link btn btn-outline-maincolor\" href=\"https:\/\/handelengineering.com\/de\/aerial-tramway-ciampac\/\">Read More<span class=\"screen-reader-text\"> \"Aerial Tramway Ciampac\"<\/span><\/a><!-- .more-link --><\/p>","protected":false},"author":2,"featured_media":0,"parent":0,"menu_order":0,"comment_status":"closed","ping_status":"closed","template":"page-templates\/full-width.php","meta":{"footnotes":""},"class_list":["post-6194","page","type-page","status-publish","hentry",""],"_links":{"self":[{"href":"https:\/\/handelengineering.com\/de\/wp-json\/wp\/v2\/pages\/6194","targetHints":{"allow":["GET"]}}],"collection":[{"href":"https:\/\/handelengineering.com\/de\/wp-json\/wp\/v2\/pages"}],"about":[{"href":"https:\/\/handelengineering.com\/de\/wp-json\/wp\/v2\/types\/page"}],"author":[{"embeddable":true,"href":"https:\/\/handelengineering.com\/de\/wp-json\/wp\/v2\/users\/2"}],"replies":[{"embeddable":true,"href":"https:\/\/handelengineering.com\/de\/wp-json\/wp\/v2\/comments?post=6194"}],"version-history":[{"count":4,"href":"https:\/\/handelengineering.com\/de\/wp-json\/wp\/v2\/pages\/6194\/revisions"}],"predecessor-version":[{"id":6203,"href":"https:\/\/handelengineering.com\/de\/wp-json\/wp\/v2\/pages\/6194\/revisions\/6203"}],"wp:attachment":[{"href":"https:\/\/handelengineering.com\/de\/wp-json\/wp\/v2\/media?parent=6194"}],"curies":[{"name":"wp","href":"https:\/\/api.w.org\/{rel}","templated":true}]}}